{"id":54,"date":"2026-01-05T15:12:21","date_gmt":"2026-01-05T07:12:21","guid":{"rendered":"https:\/\/www.npwplastic.com\/fr\/?page_id=54"},"modified":"2026-01-06T16:14:15","modified_gmt":"2026-01-06T08:14:15","slug":"about-us","status":"publish","type":"page","link":"https:\/\/www.npwplastic.com\/fr\/about-us\/","title":{"rendered":"Soci\u00e9t\u00e9"},"content":{"rendered":"\n<div class=\"wp-block-columns is-layout-flex wp-container-core-columns-is-layout-9d6595d7 wp-block-columns-is-layout-flex\">\n<div class=\"wp-block-column is-layout-flow wp-block-column-is-layout-flow\" style=\"flex-basis:66.66%\">\n<div style=\"height:28px\" aria-hidden=\"true\" class=\"wp-block-spacer\"><\/div>\n\n\n\n<p class=\"has-text-align-left\">QINGDAO NPW PLASTIC CO., LTD est situ\u00e9e \u00e0 Qingdao, dans la province du Shandong. Depuis 2009, nous nous consacrons \u00e0 la fabrication d&rsquo;\u00e9quipements d&rsquo;abattage et de lignes compl\u00e8tes de transformation alimentaire. Nous disposons d&rsquo;une \u00e9quipe d&rsquo;experts int\u00e9grant la R&amp;D, la conception, la fabrication, la vente, l&rsquo;installation et le service apr\u00e8s-vente. Gr\u00e2ce \u00e0 une gestion rigoureuse et une solide exp\u00e9rience, notre entreprise garantit des \u00e9quipements aux fonctionnalit\u00e9s fiables, un service complet et un excellent rapport qualit\u00e9-prix.<\/p>\n\n\n\n<p class=\"has-text-align-left\">Nous sommes sp\u00e9cialis\u00e9s dans la fourniture de divers types d&rsquo;\u00e9quipements d&rsquo;abattage et de transformation, couvrant l&rsquo;int\u00e9gralit\u00e9 du processus : convoyage, \u00e9tourdissement, \u00e9chaudage, plumaison, \u00e9visc\u00e9ration, pr\u00e9-refroidissement, d\u00e9coupe, d\u00e9sossage, calibrage, pesage et emballage. Nous personnalisons nos \u00e9quipements selon les besoins de nos clients et offrons des conseils gratuits ainsi que des solutions conformes aux normes nationales et internationales (certifications CE, SGS, ISO, etc.).<\/p>\n\n\n\n<p class=\"has-text-align-left\">Fid\u00e8le au principe \u00ab la qualit\u00e9 pour p\u00e9renniser, la r\u00e9putation pour se d\u00e9velopper \u00bb, l&rsquo;entreprise place l&rsquo;industrie, la qualit\u00e9 et le service au c\u0153ur de ses priorit\u00e9s. Nous proposons des solutions cl\u00e9 en main pour les abattoirs et les syst\u00e8mes de transformation automatis\u00e9s, tout en respectant strictement nos engagements de service apr\u00e8s-vente. Notre mission est de d\u00e9passer continuellement les attentes de nos clients gr\u00e2ce \u00e0 des \u00e9quipements de haute performance, avec pour vision de b\u00e2tir une marque de r\u00e9f\u00e9rence dans le secteur.<\/p>\n\n\n\n<p class=\"has-text-align-left\">Nous invitons cordialement les clients et distributeurs du monde entier \u00e0 collaborer avec nous pour un succ\u00e8s mutuel !<\/p>\n<\/div>\n\n\n\n<div class=\"wp-block-column is-layout-flow wp-block-column-is-layout-flow\" style=\"flex-basis:33.33%\">\n<figure class=\"wp-block-image size-large is-resized\"><img decoding=\"async\" src=\"https:\/\/www.npwplastic.com\/wp-content\/uploads\/2025\/12\/0910111-1-e1765349142631-886x1024.jpg\" alt=\"\" class=\"wp-image-219\" style=\"aspect-ratio:0.8652464903689193;width:355px;height:auto\"\/><\/figure>\n<\/div>\n<\/div>\n\n\n\n<div class=\"wp-block-columns is-layout-flex wp-container-core-columns-is-layout-9d6595d7 wp-block-columns-is-layout-flex\">\n<div class=\"wp-block-column is-layout-flow wp-block-column-is-layout-flow\">\n<figure class=\"wp-block-image size-large\"><img decoding=\"async\" src=\"https:\/\/www.npwplastic.com\/wp-content\/uploads\/2025\/12\/0910111-10-1024x1024.jpg\" alt=\"\" class=\"wp-image-229\"\/><\/figure>\n<\/div>\n\n\n\n<div class=\"wp-block-column is-layout-flow wp-block-column-is-layout-flow\">\n<figure class=\"wp-block-image size-large\"><img decoding=\"async\" src=\"https:\/\/www.npwplastic.com\/wp-content\/uploads\/2025\/12\/0910111-12-1024x1024.jpg\" alt=\"\" class=\"wp-image-231\"\/><\/figure>\n<\/div>\n\n\n\n<div class=\"wp-block-column is-layout-flow wp-block-column-is-layout-flow\">\n<figure class=\"wp-block-image size-large\"><img decoding=\"async\" src=\"https:\/\/www.npwplastic.com\/wp-content\/uploads\/2025\/12\/DM_202512156_001-\u62f7\u8d1d-1024x1024.jpg\" alt=\"\" class=\"wp-image-228\"\/><\/figure>\n<\/div>\n\n\n\n<div class=\"wp-block-column is-layout-flow wp-block-column-is-layout-flow\">\n<figure class=\"wp-block-image size-large\"><img decoding=\"async\" src=\"https:\/\/www.npwplastic.com\/wp-content\/uploads\/2025\/12\/0910111-7-1024x1024.jpg\" alt=\"\" class=\"wp-image-230\"\/><\/figure>\n<\/div>\n\n\n\n<div class=\"wp-block-column is-layout-flow wp-block-column-is-layout-flow\">\n<figure class=\"wp-block-image size-large\"><img decoding=\"async\" src=\"https:\/\/www.npwplastic.com\/wp-content\/uploads\/2025\/12\/0910111-13-1024x1024.jpg\" alt=\"\" class=\"wp-image-227\"\/><\/figure>\n<\/div>\n<\/div>\n\n\n\n<h2 class=\"wp-block-heading has-text-align-center\">L&rsquo;AVIS DE NOS CLIENTS<\/h2>\n\n\n\r\n<section class=\"section testimonials-section\" >\r\n    <div class=\"container\">\r\n        <div class=\"section-header text-center\">\r\n                            <h2 class=\"section-title\">AVIS CLIENTS<\/h2>\r\n                                <\/div>\r\n\r\n                    <div class=\"testimonials-slider-wrapper\">\r\n                <div class=\"swiper testimonials-swiper\">\r\n                    <div class=\"swiper-wrapper\">\r\n                                                    <div class=\"swiper-slide\">\r\n                                <div class=\"testimonial-card\">\r\n                                                                            <div class=\"testimonial-content\">\r\n                                            <p>\u00ab En tant que Responsable Contr\u00f4le Qualit\u00e9, l&#039;hygi\u00e8ne est ma priorit\u00e9 absolue. Les \u00e9quipements de NPW sont fabriqu\u00e9s en acier inoxydable de haute qualit\u00e9 avec une finition irr\u00e9prochable, ce qui facilite le nettoyage en profondeur et garantit le respect de toutes les normes de s\u00e9curit\u00e9 alimentaire. Leur engagement envers la qualit\u00e9 est manifeste dans chaque soudure. \u00bb<\/p>\n                                        <\/div>\r\n                                    \r\n                                    <div class=\"testimonial-author\">\r\n                                                                                                                                    <img decoding=\"async\" src=\"https:\/\/www.npwplastic.com\/wp-content\/uploads\/2025\/12\/805f278d199c40ab87ae3dcdcd3ee35a.png\" alt=\"M. Okeke\" class=\"author-photo\" loading=\"lazy\" fetchpriority=\"low\">\r\n                                                                                    \r\n                                        <div class=\"author-info\">\r\n                                                                                            <h4 class=\"author-name\">M. Okeke<\/h4>\r\n                                            \r\n                                                                                            <p class=\"author-position\">Responsable Contr\u00f4le Qualit\u00e9<\/p>\r\n                                                                                    <\/div>\r\n                                    <\/div>\r\n                                <\/div>\r\n                            <\/div>\r\n                                                    <div class=\"swiper-slide\">\r\n                                <div class=\"testimonial-card\">\r\n                                                                            <div class=\"testimonial-content\">\r\n                                            <p>\u00ab NPW nous a fourni une solution cl\u00e9 en main compl\u00e8te qui a d\u00e9pass\u00e9 nos attentes. Leurs tarifs directs d&#039;usine nous ont permis de r\u00e9aliser des \u00e9conomies significatives. Le fait d&#039;avoir un prestataire unique pour la conception, la fabrication et l&#039;installation a rendu l&#039;ensemble du processus d&#039;achat fluide et serein. \u00bb<\/p>\n                                        <\/div>\r\n                                    \r\n                                    <div class=\"testimonial-author\">\r\n                                                                                                                                    <img decoding=\"async\" src=\"https:\/\/www.npwplastic.com\/wp-content\/uploads\/2025\/12\/0910111-38.jpg\" alt=\"M. Hassan\" class=\"author-photo\" loading=\"lazy\" fetchpriority=\"low\">\r\n                                                                                    \r\n                                        <div class=\"author-info\">\r\n                                                                                            <h4 class=\"author-name\">M. Hassan<\/h4>\r\n                                            \r\n                                                                                            <p class=\"author-position\">Directeur des Achats<\/p>\r\n                                                                                    <\/div>\r\n                                    <\/div>\r\n                                <\/div>\r\n                            <\/div>\r\n                                                    <div class=\"swiper-slide\">\r\n                                <div class=\"testimonial-card\">\r\n                                                                            <div class=\"testimonial-content\">\r\n                                            <p>\u00ab Le niveau d&#039;automatisation de notre nouvelle ligne de volaille a consid\u00e9rablement augment\u00e9 notre capacit\u00e9 de production tout en r\u00e9duisant les co\u00fbts de main-d&#039;\u0153uvre. L&#039;\u00e9quipement est robuste et intuitif. Leurs ing\u00e9nieurs sont rest\u00e9s sur site jusqu&#039;\u00e0 ce que notre \u00e9quipe soit parfaitement form\u00e9e et que la ligne atteigne son rendement maximal. \u00bb<\/p>\n                                        <\/div>\r\n                                    \r\n                                    <div class=\"testimonial-author\">\r\n                                                                                                                                    <img decoding=\"async\" src=\"https:\/\/www.npwplastic.com\/wp-content\/uploads\/2025\/12\/32edeacf92a445f8998b74e1abcd3828-e1766035162201.png\" alt=\"M. Abebe\" class=\"author-photo\" loading=\"lazy\" fetchpriority=\"low\">\r\n                                                                                    \r\n                                        <div class=\"author-info\">\r\n                                                                                            <h4 class=\"author-name\">M. Abebe<\/h4>\r\n                                            \r\n                                                                                            <p class=\"author-position\">Directeur des Op\u00e9rations<\/p>\r\n                                                                                    <\/div>\r\n                                    <\/div>\r\n                                <\/div>\r\n                            <\/div>\r\n                                                    <div class=\"swiper-slide\">\r\n                                <div class=\"testimonial-card\">\r\n                                                                            <div class=\"testimonial-content\">\r\n                                            <p>\u00ab L&#039;exp\u00e9dition internationale d&#039;\u00e9quipements d&#039;abattage de grande envergure est complexe, mais NPW a parfaitement g\u00e9r\u00e9 la logistique. Leur service apr\u00e8s-vente est exceptionnel ; ils r\u00e9pondent \u00e0 nos questions techniques sous 24 heures et s&#039;assurent que les pi\u00e8ces de rechange sont toujours disponibles en cas de besoin. \u00bb<\/p>\n                                        <\/div>\r\n                                    \r\n                                    <div class=\"testimonial-author\">\r\n                                                                                                                                    <img decoding=\"async\" src=\"https:\/\/www.npwplastic.com\/wp-content\/uploads\/2025\/12\/ca4f28609e7b49b889b4bd8edd8cc7a2.png\" alt=\"M. Khalid\" class=\"author-photo\" loading=\"lazy\" fetchpriority=\"low\">\r\n                                                                                    \r\n                                        <div class=\"author-info\">\r\n                                                                                            <h4 class=\"author-name\">M. Khalid<\/h4>\r\n                                            \r\n                                                                                            <p class=\"author-position\">Responsable des Approvisionnements<\/p>\r\n                                                                                    <\/div>\r\n                                    <\/div>\r\n                                <\/div>\r\n                            <\/div>\r\n                                            <\/div>\r\n                    <div class=\"swiper-pagination\"><\/div>\r\n                    <div class=\"swiper-button-next\"><\/div>\r\n                    <div class=\"swiper-button-prev\"><\/div>\r\n                <\/div>\r\n            <\/div>\r\n            <\/div>\r\n<\/section>\r\n\n\n\n<h2 class=\"wp-block-heading has-text-align-center\">Nos clients<\/h2>\n\n\n\n<h6 class=\"wp-block-heading has-text-align-center\">Le client au c\u0153ur de nos engagements !<\/h6>\n\n\n\n<figure class=\"wp-block-image size-full is-resized\"><img decoding=\"async\" src=\"https:\/\/www.npwplastic.com\/wp-content\/uploads\/2025\/12\/fa8f81e5-101f-4991-ae4e-612b57fff462.png\" alt=\"\" class=\"wp-image-3067\" style=\"width:2388px;height:auto\"\/><\/figure>\n\n\n\n<h2 class=\"wp-block-heading has-text-align-center\">DISTINCTIONS ET CERTIFICATS<\/h2>\n\n\n\n<h6 class=\"wp-block-heading has-text-align-center\"><strong>Un partenariat solide et un engagement vers l&rsquo;excellence.<\/strong><\/h6>\n\n\n\n<div class=\"wp-block-columns is-layout-flex wp-container-core-columns-is-layout-9d6595d7 wp-block-columns-is-layout-flex\">\n<div class=\"wp-block-column is-layout-flow wp-block-column-is-layout-flow\">\n<figure class=\"wp-block-image size-full\"><img decoding=\"async\" src=\"https:\/\/www.npwplastic.com\/wp-content\/uploads\/2025\/12\/lQLPJwEMJhyTsDPNBADNAs-wcJixsVYi-6.jpg\" alt=\"\" class=\"wp-image-2013\"\/><\/figure>\n<\/div>\n\n\n\n<div class=\"wp-block-column is-layout-flow wp-block-column-is-layout-flow\">\n<figure class=\"wp-block-image size-full\"><img decoding=\"async\" src=\"https:\/\/www.npwplastic.com\/wp-content\/uploads\/2025\/12\/lQLPJwEMJhyTsDPNBADNAs-wcJixsVYi-8.jpg\" alt=\"\" class=\"wp-image-2016\"\/><\/figure>\n<\/div>\n\n\n\n<div class=\"wp-block-column is-layout-flow wp-block-column-is-layout-flow\">\n<figure class=\"wp-block-image size-full\"><img decoding=\"async\" src=\"https:\/\/www.npwplastic.com\/wp-content\/uploads\/2025\/12\/lQLPJwEMJhyTsDPNBADNAs-wcJixsVYi-2.jpg\" alt=\"\" class=\"wp-image-2006\"\/><\/figure>\n<\/div>\n\n\n\n<div class=\"wp-block-column is-layout-flow wp-block-column-is-layout-flow\">\n<figure class=\"wp-block-image size-full\"><img decoding=\"async\" src=\"https:\/\/www.npwplastic.com\/wp-content\/uploads\/2025\/12\/lQLPJwEMJhyTsDPNBADNAs-wcJixsVYi-9.jpg\" alt=\"\" class=\"wp-image-2017\"\/><\/figure>\n<\/div>\n\n\n\n<div class=\"wp-block-column is-layout-flow wp-block-column-is-layout-flow\">\n<figure class=\"wp-block-image size-full\"><img decoding=\"async\" src=\"https:\/\/www.npwplastic.com\/wp-content\/uploads\/2025\/12\/lQLPJwEMJhyTsDPNBADNAs-wcJixsVYi-7.jpg\" alt=\"\" class=\"wp-image-2015\"\/><\/figure>\n<\/div>\n<\/div>\n","protected":false},"excerpt":{"rendered":"<p>QINGDAO NPW PLASTIC CO., LTD est situ\u00e9e \u00e0 Qingdao, dans la province du Shandong. Depuis 2009, nous nous consacrons \u00e0 [&hellip;]<\/p>\n","protected":false},"author":1,"featured_media":0,"parent":0,"menu_order":0,"comment_status":"closed","ping_status":"closed","template":"","meta":{"_lh_hide_header":false,"_lh_header_bg_image":0,"_lh_header_overlay_opacity":100,"footnotes":""},"class_list":["post-54","page","type-page","status-publish","hentry"],"_links":{"self":[{"href":"https:\/\/www.npwplastic.com\/fr\/wp-json\/wp\/v2\/pages\/54","targetHints":{"allow":["GET"]}}],"collection":[{"href":"https:\/\/www.npwplastic.com\/fr\/wp-json\/wp\/v2\/pages"}],"about":[{"href":"https:\/\/www.npwplastic.com\/fr\/wp-json\/wp\/v2\/types\/page"}],"author":[{"embeddable":true,"href":"https:\/\/www.npwplastic.com\/fr\/wp-json\/wp\/v2\/users\/1"}],"replies":[{"embeddable":true,"href":"https:\/\/www.npwplastic.com\/fr\/wp-json\/wp\/v2\/comments?post=54"}],"version-history":[{"count":2,"href":"https:\/\/www.npwplastic.com\/fr\/wp-json\/wp\/v2\/pages\/54\/revisions"}],"predecessor-version":[{"id":107,"href":"https:\/\/www.npwplastic.com\/fr\/wp-json\/wp\/v2\/pages\/54\/revisions\/107"}],"wp:attachment":[{"href":"https:\/\/www.npwplastic.com\/fr\/wp-json\/wp\/v2\/media?parent=54"}],"curies":[{"name":"wp","href":"https:\/\/api.w.org\/{rel}","templated":true}]}}