{"id":29,"date":"2026-01-05T13:44:58","date_gmt":"2026-01-05T05:44:58","guid":{"rendered":"https:\/\/www.npwplastic.com\/fr\/?page_id=29"},"modified":"2026-01-05T13:46:15","modified_gmt":"2026-01-05T05:46:15","slug":"services","status":"publish","type":"page","link":"https:\/\/www.npwplastic.com\/fr\/services\/","title":{"rendered":"Services"},"content":{"rendered":"\n<div style=\"height:30px\" aria-hidden=\"true\" class=\"wp-block-spacer\"><\/div>\n\n\n\n<p class=\"has-large-font-size\" style=\"font-style:normal;font-weight:700\">Assistance technique professionnelle<\/p>\n\n\n\n<blockquote class=\"wp-block-quote is-layout-flow wp-block-quote-is-layout-flow\">\n<p>Nous fournissons un conseil technique complet, de la planification de projet et la conception des processus jusqu&rsquo;\u00e0 l&rsquo;installation et la mise en service sur site. Notre \u00e9quipe d&rsquo;ing\u00e9nierie experte garantit que chaque solution d&rsquo;abattage r\u00e9pond \u00e0 vos besoins r\u00e9els en capacit\u00e9 et aux normes d&rsquo;hygi\u00e8ne les plus strictes.<\/p>\n<\/blockquote>\n\n\n\n<figure class=\"wp-block-image size-full is-resized\"><img decoding=\"async\" src=\"https:\/\/www.npwplastic.com\/wp-content\/uploads\/2025\/12\/bd4de903424ff9e4a011bb2f319186dd_E5B7A5E58E82E58A9EE5-1.jpg\" alt=\"\" class=\"wp-image-2316\" style=\"width:1818px;height:auto\"\/><\/figure>\n\n\n\n<p class=\"has-large-font-size\" style=\"font-style:normal;font-weight:700\">Fabrication et logistique mondiale<\/p>\n\n\n\n<blockquote class=\"wp-block-quote is-layout-flow wp-block-quote-is-layout-flow\">\n<p><em>Gr\u00e2ce \u00e0 des \u00e9quipements de pointe et une gestion de production lean, nous contr\u00f4lons rigoureusement chaque \u00e9tape, de l&rsquo;entreposage des mati\u00e8res premi\u00e8res \u00e0 l&rsquo;assemblage final. Une fois termin\u00e9s, nos produits sont renforc\u00e9s, emball\u00e9s et livr\u00e9s sur votre site en toute s\u00e9curit\u00e9 et dans les d\u00e9lais via notre r\u00e9seau logistique mondial.<\/em><\/p>\n<\/blockquote>\n\n\n\n<div class=\"wp-block-columns is-layout-flex wp-container-core-columns-is-layout-9d6595d7 wp-block-columns-is-layout-flex\">\n<div class=\"wp-block-column is-layout-flow wp-block-column-is-layout-flow\">\r\n<div class=\"content-card content-card--classic\" >\r\n            <div class=\"content-card__image-wrapper\" style=\"width: 100%; margin: 0 auto; height: 260px; padding-top: 0\">\r\n            <img decoding=\"async\" src=\"https:\/\/www.npwplastic.com\/wp-content\/uploads\/2025\/12\/1.IQC_.png\" alt=\"1.IQC\" class=\"content-card__image\">\r\n        <\/div>\r\n    \r\n    <div class=\"content-card__content\">\r\n                    <h3 class=\"content-card__title\">1.IQC<\/h3>\r\n        \r\n        \r\n            <\/div>\r\n    \r\n    <\/div>\r\n<\/div>\n\n\n\n<div class=\"wp-block-column is-layout-flow wp-block-column-is-layout-flow\">\r\n<div class=\"content-card content-card--classic\" >\r\n            <div class=\"content-card__image-wrapper\" style=\"width: 100%; margin: 0 auto; height: 260px; padding-top: 0\">\r\n            <img decoding=\"async\" src=\"https:\/\/www.npwplastic.com\/wp-content\/uploads\/2025\/12\/2.Laying-off-.png\" alt=\"2. Tra\u00e7age\" class=\"content-card__image\">\r\n        <\/div>\r\n    \r\n    <div class=\"content-card__content\">\r\n                    <h3 class=\"content-card__title\">2. Tra\u00e7age<\/h3>\r\n        \r\n        \r\n            <\/div>\r\n    \r\n    <\/div>\r\n<\/div>\n\n\n\n<div class=\"wp-block-column is-layout-flow wp-block-column-is-layout-flow\">\r\n<div class=\"content-card content-card--classic\" >\r\n            <div class=\"content-card__image-wrapper\" style=\"width: 100%; margin: 0 auto; height: 260px; padding-top: 0\">\r\n            <img decoding=\"async\" src=\"https:\/\/www.npwplastic.com\/wp-content\/uploads\/2025\/12\/3.Shearing.png\" alt=\"3. Cisaillage\" class=\"content-card__image\">\r\n        <\/div>\r\n    \r\n    <div class=\"content-card__content\">\r\n                    <h3 class=\"content-card__title\">3. Cisaillage<\/h3>\r\n        \r\n        \r\n            <\/div>\r\n    \r\n    <\/div>\r\n<\/div>\n\n\n\n<div class=\"wp-block-column is-layout-flow wp-block-column-is-layout-flow\">\r\n<div class=\"content-card content-card--classic\" >\r\n            <div class=\"content-card__image-wrapper\" style=\"width: 100%; margin: 0 auto; height: 260px; padding-top: 0\">\r\n            <img decoding=\"async\" src=\"https:\/\/www.npwplastic.com\/wp-content\/uploads\/2025\/12\/4.Bending.png\" alt=\"4. Pliage\" class=\"content-card__image\">\r\n        <\/div>\r\n    \r\n    <div class=\"content-card__content\">\r\n                    <h3 class=\"content-card__title\">4. Pliage<\/h3>\r\n        \r\n        \r\n            <\/div>\r\n    \r\n    <\/div>\r\n<\/div>\n<\/div>\n\n\n\n<div class=\"wp-block-columns is-layout-flex wp-container-core-columns-is-layout-9d6595d7 wp-block-columns-is-layout-flex\">\n<div class=\"wp-block-column is-layout-flow wp-block-column-is-layout-flow\">\r\n<div class=\"content-card content-card--classic\" >\r\n            <div class=\"content-card__image-wrapper\" style=\"width: 100%; margin: 0 auto; height: 260px; padding-top: 0\">\r\n            <img decoding=\"async\" src=\"https:\/\/www.npwplastic.com\/wp-content\/uploads\/2025\/12\/5.Roll-bending.png\" alt=\"5. Roulage\" class=\"content-card__image\">\r\n        <\/div>\r\n    \r\n    <div class=\"content-card__content\">\r\n                    <h3 class=\"content-card__title\">5. Roulage<\/h3>\r\n        \r\n        \r\n            <\/div>\r\n    \r\n    <\/div>\r\n<\/div>\n\n\n\n<div class=\"wp-block-column is-layout-flow wp-block-column-is-layout-flow\">\r\n<div class=\"content-card content-card--classic\" >\r\n            <div class=\"content-card__image-wrapper\" style=\"width: 100%; margin: 0 auto; height: 260px; padding-top: 0\">\r\n            <img decoding=\"async\" src=\"https:\/\/www.npwplastic.com\/wp-content\/uploads\/2025\/12\/6.Splicing-welding.png\" alt=\"6. Assemblage et Soudage\" class=\"content-card__image\">\r\n        <\/div>\r\n    \r\n    <div class=\"content-card__content\">\r\n                    <h3 class=\"content-card__title\">6. Assemblage et Soudage<\/h3>\r\n        \r\n        \r\n            <\/div>\r\n    \r\n    <\/div>\r\n<\/div>\n\n\n\n<div class=\"wp-block-column is-layout-flow wp-block-column-is-layout-flow\">\r\n<div class=\"content-card content-card--classic\" >\r\n            <div class=\"content-card__image-wrapper\" style=\"width: 100%; margin: 0 auto; height: 260px; padding-top: 0\">\r\n            <img decoding=\"async\" src=\"https:\/\/www.npwplastic.com\/wp-content\/uploads\/2025\/12\/7.Parts-processing.png\" alt=\"7. Usinage des pi\u00e8ces\" class=\"content-card__image\">\r\n        <\/div>\r\n    \r\n    <div class=\"content-card__content\">\r\n                    <h3 class=\"content-card__title\">7. Usinage des pi\u00e8ces<\/h3>\r\n        \r\n        \r\n            <\/div>\r\n    \r\n    <\/div>\r\n<\/div>\n\n\n\n<div class=\"wp-block-column is-layout-flow wp-block-column-is-layout-flow\">\r\n<div class=\"content-card content-card--classic\" >\r\n            <div class=\"content-card__image-wrapper\" style=\"width: 100%; margin: 0 auto; height: 260px; padding-top: 0\">\r\n            <img decoding=\"async\" src=\"https:\/\/www.npwplastic.com\/wp-content\/uploads\/2025\/12\/8.IPQC_.png\" alt=\"8.IPQC\" class=\"content-card__image\">\r\n        <\/div>\r\n    \r\n    <div class=\"content-card__content\">\r\n                    <h3 class=\"content-card__title\">8.IPQC<\/h3>\r\n        \r\n        \r\n            <\/div>\r\n    \r\n    <\/div>\r\n<\/div>\n<\/div>\n\n\n\n<div class=\"wp-block-columns is-layout-flex wp-container-core-columns-is-layout-9d6595d7 wp-block-columns-is-layout-flex\">\n<div class=\"wp-block-column is-layout-flow wp-block-column-is-layout-flow\">\r\n<div class=\"content-card content-card--classic\" >\r\n            <div class=\"content-card__image-wrapper\" style=\"width: 100%; margin: 0 auto; height: 260px; padding-top: 0\">\r\n            <img decoding=\"async\" src=\"https:\/\/www.npwplastic.com\/wp-content\/uploads\/2025\/12\/9.Polishing.png\" alt=\"9. Polissage\" class=\"content-card__image\">\r\n        <\/div>\r\n    \r\n    <div class=\"content-card__content\">\r\n                    <h3 class=\"content-card__title\">9. Polissage<\/h3>\r\n        \r\n        \r\n            <\/div>\r\n    \r\n    <\/div>\r\n<\/div>\n\n\n\n<div class=\"wp-block-column is-layout-flow wp-block-column-is-layout-flow\">\r\n<div class=\"content-card content-card--classic\" >\r\n            <div class=\"content-card__image-wrapper\" style=\"width: 100%; margin: 0 auto; height: 260px; padding-top: 0\">\r\n            <img decoding=\"async\" src=\"https:\/\/www.npwplastic.com\/wp-content\/uploads\/2025\/12\/10.QQC-OQC.png\" alt=\"10.QQC-OQC\" class=\"content-card__image\">\r\n        <\/div>\r\n    \r\n    <div class=\"content-card__content\">\r\n                    <h3 class=\"content-card__title\">10.QQC-OQC<\/h3>\r\n        \r\n        \r\n            <\/div>\r\n    \r\n    <\/div>\r\n<\/div>\n\n\n\n<div class=\"wp-block-column is-layout-flow wp-block-column-is-layout-flow\">\r\n<div class=\"content-card content-card--classic\" >\r\n            <div class=\"content-card__image-wrapper\" style=\"width: 100%; margin: 0 auto; height: 260px; padding-top: 0\">\r\n            <img decoding=\"async\" src=\"https:\/\/www.npwplastic.com\/wp-content\/uploads\/2025\/12\/11.Cleaning.png\" alt=\"11. Nettoyage\" class=\"content-card__image\">\r\n        <\/div>\r\n    \r\n    <div class=\"content-card__content\">\r\n                    <h3 class=\"content-card__title\">11. Nettoyage<\/h3>\r\n        \r\n        \r\n            <\/div>\r\n    \r\n    <\/div>\r\n<\/div>\n\n\n\n<div class=\"wp-block-column is-layout-flow wp-block-column-is-layout-flow\">\r\n<div class=\"content-card content-card--classic\" >\r\n            <div class=\"content-card__image-wrapper\" style=\"width: 100%; margin: 0 auto; height: 260px; padding-top: 0\">\r\n            <img decoding=\"async\" src=\"https:\/\/www.npwplastic.com\/wp-content\/uploads\/2025\/12\/12.ShippingDelivery.png\" alt=\"12. Exp\u00e9dition et Livraison\" class=\"content-card__image\">\r\n        <\/div>\r\n    \r\n    <div class=\"content-card__content\">\r\n                    <h3 class=\"content-card__title\">12. Exp\u00e9dition et Livraison<\/h3>\r\n        \r\n        \r\n            <\/div>\r\n    \r\n    <\/div>\r\n<\/div>\n<\/div>\n\n\n\n<p class=\"has-large-font-size\" style=\"font-style:normal;font-weight:700\">Engagement de service 24h\/24 et 7j\/7<\/p>\n\n\n\n<blockquote class=\"wp-block-quote is-layout-flow wp-block-quote-is-layout-flow\">\n<p><em>Conscients de l&rsquo;importance cruciale des d\u00e9lais dans l&rsquo;industrie de l&rsquo;abattage et de la transformation, notre \u00e9quipe de support technique r\u00e9pond \u00e0 vos besoins sous 24 heures, o\u00f9 que vous soyez. Nous minimisons vos temps d&rsquo;arr\u00eat gr\u00e2ce au t\u00e9l\u00e9diagnostic ou \u00e0 une assistance sur site.<\/em><\/p>\n<\/blockquote>\n\n\n\n<figure class=\"wp-block-image size-full is-resized\"><img decoding=\"async\" src=\"https:\/\/www.npwplastic.com\/wp-content\/uploads\/2025\/12\/\u4e0b\u8f7d-4-scaled-1.jpg\" alt=\"\" class=\"wp-image-2324\" style=\"width:1818px;height:auto\"\/><\/figure>\n\n\n\n<p class=\"has-large-font-size\" style=\"font-style:normal;font-weight:700\">Distinctions &amp; Certifications<\/p>\n\n\n\n<blockquote class=\"wp-block-quote is-layout-flow wp-block-quote-is-layout-flow\">\n<p><em>Nos \u00e9quipements et notre usine sont dot\u00e9s de multiples certifications de qualit\u00e9 internationales, telles que CE et ISO 9001. Conform\u00e9ment aux normes de s\u00e9curit\u00e9 alimentaire et aux r\u00e9glementations de l&rsquo;industrie de l&rsquo;abattage, nous nous positionnons comme votre partenaire de confiance.<\/em><\/p>\n<\/blockquote>\n\n\n\n<div class=\"wp-block-columns is-layout-flex wp-container-core-columns-is-layout-9d6595d7 wp-block-columns-is-layout-flex\">\n<div class=\"wp-block-column is-layout-flow wp-block-column-is-layout-flow\">\n<figure class=\"wp-block-image size-full\"><img decoding=\"async\" src=\"https:\/\/www.npwplastic.com\/wp-content\/uploads\/2025\/12\/lQLPJwEMJhyTsDPNBADNAs-wcJixsVYi-6.jpg\" alt=\"\" class=\"wp-image-2013\"\/><\/figure>\n<\/div>\n\n\n\n<div class=\"wp-block-column is-layout-flow wp-block-column-is-layout-flow\">\n<figure class=\"wp-block-image size-full\"><img decoding=\"async\" src=\"https:\/\/www.npwplastic.com\/wp-content\/uploads\/2025\/12\/lQLPJwEMJhyTsDPNBADNAs-wcJixsVYi-8.jpg\" alt=\"\" class=\"wp-image-2016\"\/><\/figure>\n<\/div>\n\n\n\n<div class=\"wp-block-column is-layout-flow wp-block-column-is-layout-flow\">\n<figure class=\"wp-block-image size-full\"><img decoding=\"async\" src=\"https:\/\/www.npwplastic.com\/wp-content\/uploads\/2025\/12\/lQLPJwEMJhyTsDPNBADNAs-wcJixsVYi-2.jpg\" alt=\"\" class=\"wp-image-2006\"\/><\/figure>\n<\/div>\n\n\n\n<div class=\"wp-block-column is-layout-flow wp-block-column-is-layout-flow\">\n<figure class=\"wp-block-image size-full\"><img decoding=\"async\" src=\"https:\/\/www.npwplastic.com\/wp-content\/uploads\/2025\/12\/lQLPJwEMJhyTsDPNBADNAs-wcJixsVYi-9.jpg\" alt=\"\" class=\"wp-image-2017\"\/><\/figure>\n<\/div>\n\n\n\n<div class=\"wp-block-column is-layout-flow wp-block-column-is-layout-flow\">\n<figure class=\"wp-block-image size-full\"><img decoding=\"async\" src=\"https:\/\/www.npwplastic.com\/wp-content\/uploads\/2025\/12\/lQLPJwEMJhyTsDPNBADNAs-wcJixsVYi-7.jpg\" alt=\"\" class=\"wp-image-2015\"\/><\/figure>\n<\/div>\n<\/div>\n\n\n\n<p class=\"has-large-font-size\" style=\"font-style:normal;font-weight:700\">Au c\u0153ur de notre atelier de fabrication<\/p>\n\n\n\n<blockquote class=\"wp-block-quote is-layout-flow wp-block-quote-is-layout-flow\">\n<p><em>Plongez au c\u0153ur de notre production. \u00c0 travers ces images r\u00e9elles, d\u00e9couvrez nos processus de fabrication de haut niveau, nos proc\u00e9dures d&rsquo;assemblage transparentes et notre qu\u00eate absolue de l&rsquo;excellence en mati\u00e8re de qualit\u00e9 produit.<\/em><\/p>\n<\/blockquote>\n\n\n\n<figure class=\"wp-block-image size-full is-resized\"><img decoding=\"async\" src=\"https:\/\/www.npwplastic.com\/wp-content\/uploads\/2025\/12\/0910111-42.jpg\" alt=\"\" class=\"wp-image-2335\" style=\"width:1818px;height:auto\"\/><\/figure>\n\n\n\n<p class=\"has-large-font-size\" style=\"font-style:normal;font-weight:700\">Solutions logistiques mondiales flexibles<\/p>\n\n\n\n<blockquote class=\"wp-block-quote is-layout-flow wp-block-quote-is-layout-flow\">\n<p><em>Adapt\u00e9es \u00e0 votre port de destination et \u00e0 vos exigences de d\u00e9lais les plus strictes, nous concevons des solutions logistiques sur mesure pour optimiser vos flux.<\/em><\/p>\n<\/blockquote>\n\n\n\n<figure class=\"wp-block-image size-full is-resized\"><img decoding=\"async\" src=\"https:\/\/www.npwplastic.com\/wp-content\/uploads\/2025\/12\/fa86294f-36a5-4de3-b015-5446423ac7a0-scaled-1.png\" alt=\"\" class=\"wp-image-361\" style=\"width:1818px;height:auto\"\/><\/figure>\n\n\n\n<p><\/p>\n","protected":false},"excerpt":{"rendered":"<p>Assistance technique professionnelle Nous fournissons un conseil technique complet, de la planification de projet et la conception des processus jusqu&rsquo;\u00e0 [&hellip;]<\/p>\n","protected":false},"author":1,"featured_media":0,"parent":0,"menu_order":0,"comment_status":"closed","ping_status":"closed","template":"","meta":{"_lh_hide_header":false,"_lh_header_bg_image":0,"_lh_header_overlay_opacity":100,"footnotes":""},"class_list":["post-29","page","type-page","status-publish","hentry"],"_links":{"self":[{"href":"https:\/\/www.npwplastic.com\/fr\/wp-json\/wp\/v2\/pages\/29","targetHints":{"allow":["GET"]}}],"collection":[{"href":"https:\/\/www.npwplastic.com\/fr\/wp-json\/wp\/v2\/pages"}],"about":[{"href":"https:\/\/www.npwplastic.com\/fr\/wp-json\/wp\/v2\/types\/page"}],"author":[{"embeddable":true,"href":"https:\/\/www.npwplastic.com\/fr\/wp-json\/wp\/v2\/users\/1"}],"replies":[{"embeddable":true,"href":"https:\/\/www.npwplastic.com\/fr\/wp-json\/wp\/v2\/comments?post=29"}],"version-history":[{"count":2,"href":"https:\/\/www.npwplastic.com\/fr\/wp-json\/wp\/v2\/pages\/29\/revisions"}],"predecessor-version":[{"id":33,"href":"https:\/\/www.npwplastic.com\/fr\/wp-json\/wp\/v2\/pages\/29\/revisions\/33"}],"wp:attachment":[{"href":"https:\/\/www.npwplastic.com\/fr\/wp-json\/wp\/v2\/media?parent=29"}],"curies":[{"name":"wp","href":"https:\/\/api.w.org\/{rel}","templated":true}]}}