{"id":39,"date":"2026-01-05T17:53:29","date_gmt":"2026-01-05T09:53:29","guid":{"rendered":"https:\/\/www.npwplastic.com\/es\/?page_id=39"},"modified":"2026-01-06T13:10:27","modified_gmt":"2026-01-06T05:10:27","slug":"equipment-transportation-and-delivery","status":"publish","type":"page","link":"https:\/\/www.npwplastic.com\/es\/equipment-transportation-and-delivery\/","title":{"rendered":"Transporte y Entrega de Equipos"},"content":{"rendered":"\n<div style=\"height:30px\" aria-hidden=\"true\" class=\"wp-block-spacer\"><\/div>\n\n\n\n<h2 class=\"wp-block-heading has-text-align-center\">Entrega Directa Global, Segura y Puntual | Log\u00edstica de Equipos NPW y Servicios de Gesti\u00f3n de la Cadena de Suministro<\/h2>\n\n\n\n<figure class=\"wp-block-image size-full is-resized\"><img decoding=\"async\" src=\"https:\/\/www.npwplastic.com\/wp-content\/uploads\/2025\/12\/jimeng-2025-12-16-4487.png\" alt=\"\" class=\"wp-image-349\" style=\"width:1920px\"\/><\/figure>\n\n\n\n<pre class=\"wp-block-verse\">Los equipos de NPW son el reflejo de nuestro compromiso con el cliente. Contamos con una log\u00edstica internacional confiable que garantiza que nuestros clientes globales reciban sus equipos intactos, de forma segura y puntual, asegurando una producci\u00f3n fluida.<\/pre>\n\n\n\n<h2 class=\"wp-block-heading has-text-align-center\">Proceso de transporte profesional<\/h2>\n\n\n\n<blockquote class=\"wp-block-quote is-layout-flow wp-block-quote-is-layout-flow\">\n<p><strong>Protecci\u00f3n y preparaci\u00f3n profesional antes de la salida de f\u00e1brica<\/strong><\/p>\n\n\n\n<p>Todos los equipos destinados al env\u00edo se someten a una serie de tratamientos de protecci\u00f3n rigurosos, integrales y de grado profesional antes de salir de la planta de fabricaci\u00f3n:<\/p>\n<\/blockquote>\n\n\n\n<ul class=\"wp-block-list\">\n<li>Embalaje de precisi\u00f3n: Pel\u00edcula impermeable, aceite antioxidante, huacales o armazones personalizados; protecci\u00f3n individual de componentes de precisi\u00f3n.<\/li>\n\n\n\n<li>Etiquetado claro: Marcado con el nombre del equipo, n\u00famero de serie, orientaci\u00f3n y centro de gravedad para una manipulaci\u00f3n segura.<\/li>\n<\/ul>\n\n\n\n<figure class=\"wp-block-image size-full is-resized\"><img decoding=\"async\" src=\"https:\/\/www.npwplastic.com\/wp-content\/uploads\/2025\/12\/0910111-31-scaled-1.jpg\" alt=\"\" class=\"wp-image-355\" style=\"width:1920px\"\/><\/figure>\n\n\n\n<blockquote class=\"wp-block-quote is-layout-flow wp-block-quote-is-layout-flow\">\n<p><strong>Soluciones log\u00edsticas globales flexibles<\/strong><\/p>\n\n\n\n<p>Ofrecemos soluciones log\u00edsticas \u00f3ptimas y personalizadas, adaptadas a su puerto de destino espec\u00edfico y a sus estrictos requisitos de tiempo:<\/p>\n<\/blockquote>\n\n\n\n<ul class=\"wp-block-list\">\n<li>Estrategia de transporte multimodal integrado: Integraci\u00f3n precisa de flete mar\u00edtimo (incluyendo FCL y LCL), transporte terrestre y servicios de carga a\u00e9rea para lograr el equilibrio \u00f3ptimo entre eficiencia y coste.<\/li>\n\n\n\n<li>Gesti\u00f3n de la cadena de suministro integral (End-to-End): Servicios log\u00edsticos en toda la cadena, desde la base de fabricaci\u00f3n de NPW en China hasta el punto de entrega designado por el cliente, garantizando procesos fluidos, maximizando la eficiencia operativa y minimizando la carga administrativa.<\/li>\n\n\n\n<li>Sistema de rastreo visual global: Proporcionamos n\u00fameros de conocimiento de embarque detallados y datos de trayectoria log\u00edstica en tiempo real, permitiendo a los clientes monitorear y controlar el estado de la carga en todo momento y lugar.<\/li>\n<\/ul>\n\n\n\n<figure class=\"wp-block-image size-full is-resized\"><img decoding=\"async\" src=\"https:\/\/www.npwplastic.com\/wp-content\/uploads\/2025\/12\/fa86294f-36a5-4de3-b015-5446423ac7a0-scaled-1.png\" alt=\"\" class=\"wp-image-361\" style=\"width:1920px\"\/><\/figure>\n\n\n\n<blockquote class=\"wp-block-quote is-layout-flow wp-block-quote-is-layout-flow\">\n<p><strong>Servicios profesionales de apoyo al despacho aduanero<\/strong><\/p>\n\n\n\n<p>Nos comprometemos a asistir a nuestros clientes para completar los procedimientos de despacho de aduanas internacional de manera eficiente y fluida:<\/p>\n<\/blockquote>\n\n\n\n<ul class=\"wp-block-list\">\n<li>Sistema integral de documentaci\u00f3n de exportaci\u00f3n:\u00a0Proporcionamos un conjunto completo de documentos estandarizados para el despacho de aduanas, incluyendo facturas comerciales, listas de empaque, certificados de origen y certificaciones internacionales (CE\/SGS\/ISO).<\/li>\n\n\n\n<li>Gu\u00eda precisa de estrategia de despacho aduanero:\u00a0Bas\u00e1ndonos en nuestra vasta experiencia exportando a m\u00e1s de 30 pa\u00edses, ofrecemos asesor\u00eda para evitar riesgos y cumplir con las normativas locales de cada destino.<\/li>\n<\/ul>\n\n\n\n<blockquote class=\"wp-block-quote is-layout-flow wp-block-quote-is-layout-flow\">\n<p><strong>Recepci\u00f3n de equipos y gu\u00eda de preinstalaci\u00f3n<\/strong><\/p>\n\n\n\n<p>Estamos comprometidos con la transparencia y precisi\u00f3n en el proceso de entrega de los equipos:<\/p>\n<\/blockquote>\n\n\n\n<ul class=\"wp-block-list\">\n<li>Gu\u00eda de recepci\u00f3n visual remota: Proporcionamos una lista de verificaci\u00f3n estandarizada para la inspecci\u00f3n de llegada y asistimos de forma remota en la inspecci\u00f3n de desembalaje y verificaci\u00f3n de componentes v\u00eda video en tiempo real.<\/li>\n\n\n\n<li>Mecanismo de respuesta r\u00e1pida ante anomal\u00edas: Si se detectan da\u00f1os por transporte durante la recepci\u00f3n, iniciaremos de inmediato el proceso de reclamaci\u00f3n al seguro y gestionaremos el reenv\u00edo urgente de los componentes da\u00f1ados para minimizar el riesgo de interrupci\u00f3n de la producci\u00f3n.<\/li>\n<\/ul>\n\n\n\n<figure class=\"wp-block-image size-full is-resized\"><img decoding=\"async\" src=\"https:\/\/www.npwplastic.com\/wp-content\/uploads\/2025\/12\/76a6b29f54185c4e244a6610afc54cfe-e1765963289468.png\" alt=\"\" class=\"wp-image-366\" style=\"width:1920px\"\/><\/figure>\n\n\n\n<blockquote class=\"wp-block-quote is-layout-flow wp-block-quote-is-layout-flow\">\n<p><strong>Nuestro compromiso de transporte<\/strong><\/p>\n<\/blockquote>\n\n\n\n<ul class=\"wp-block-list\">\n<li>Compromiso de seguridad: Adoptamos soluciones de embalaje de alto est\u00e1ndar industrial, garantizando una tasa de da\u00f1os por transporte inferior al 0,5%.<\/li>\n\n\n\n<li>Compromiso de puntualidad: Proporcionamos tiempos estimados de transporte basados en rutas espec\u00edficas y comunicamos proactivamente cualquier retraso potencial.<\/li>\n\n\n\n<li>Compromiso de coordinaci\u00f3n: Nuestros especialistas en log\u00edstica mantendr\u00e1n contacto cercano con su consignatario para asegurar que toda la informaci\u00f3n cr\u00edtica est\u00e9 sincronizada en tiempo real.<\/li>\n<\/ul>\n\n\n\n<figure class=\"wp-block-image size-full is-resized\"><img decoding=\"async\" src=\"https:\/\/www.npwplastic.com\/wp-content\/uploads\/2025\/12\/00a18445a888fc3ffea276fb8c755b57_2000806045412233216-scaled-1.jpg\" alt=\"\" class=\"wp-image-369\" style=\"width:1920px\"\/><\/figure>\n\n\n\n<div class=\"wp-block-columns is-layout-flex wp-container-core-columns-is-layout-9d6595d7 wp-block-columns-is-layout-flex\">\n<div class=\"wp-block-column is-layout-flow wp-block-column-is-layout-flow\"><p class=\"wpcf7-contact-form-not-found\"><strong>Error:<\/strong> Formulario de contacto no encontrado.<\/p>\n<\/div>\n<\/div>\n","protected":false},"excerpt":{"rendered":"<p>Entrega Directa Global, Segura y Puntual | Log\u00edstica de Equipos NPW y Servicios de Gesti\u00f3n de la Cadena de Suministro [&hellip;]<\/p>\n","protected":false},"author":1,"featured_media":0,"parent":0,"menu_order":0,"comment_status":"closed","ping_status":"closed","template":"","meta":{"_lh_hide_header":false,"_lh_header_bg_image":0,"_lh_header_overlay_opacity":100,"footnotes":""},"class_list":["post-39","page","type-page","status-publish","hentry"],"_links":{"self":[{"href":"https:\/\/www.npwplastic.com\/es\/wp-json\/wp\/v2\/pages\/39","targetHints":{"allow":["GET"]}}],"collection":[{"href":"https:\/\/www.npwplastic.com\/es\/wp-json\/wp\/v2\/pages"}],"about":[{"href":"https:\/\/www.npwplastic.com\/es\/wp-json\/wp\/v2\/types\/page"}],"author":[{"embeddable":true,"href":"https:\/\/www.npwplastic.com\/es\/wp-json\/wp\/v2\/users\/1"}],"replies":[{"embeddable":true,"href":"https:\/\/www.npwplastic.com\/es\/wp-json\/wp\/v2\/comments?post=39"}],"version-history":[{"count":4,"href":"https:\/\/www.npwplastic.com\/es\/wp-json\/wp\/v2\/pages\/39\/revisions"}],"predecessor-version":[{"id":82,"href":"https:\/\/www.npwplastic.com\/es\/wp-json\/wp\/v2\/pages\/39\/revisions\/82"}],"wp:attachment":[{"href":"https:\/\/www.npwplastic.com\/es\/wp-json\/wp\/v2\/media?parent=39"}],"curies":[{"name":"wp","href":"https:\/\/api.w.org\/{rel}","templated":true}]}}