{"id":30,"date":"2026-01-05T17:19:12","date_gmt":"2026-01-05T09:19:12","guid":{"rendered":"https:\/\/www.npwplastic.com\/es\/?page_id=30"},"modified":"2026-01-06T11:23:44","modified_gmt":"2026-01-06T03:23:44","slug":"services","status":"publish","type":"page","link":"https:\/\/www.npwplastic.com\/es\/services\/","title":{"rendered":"Servicios"},"content":{"rendered":"\n<div style=\"height:30px\" aria-hidden=\"true\" class=\"wp-block-spacer\"><\/div>\n\n\n\n<p class=\"has-large-font-size\" style=\"font-style:normal;font-weight:700\">Soporte T\u00e9cnico Profesional<\/p>\n\n\n\n<blockquote class=\"wp-block-quote is-layout-flow wp-block-quote-is-layout-flow\">\n<p><em>Ofrecemos consultor\u00eda t\u00e9cnica integral, desde la planificaci\u00f3n del proyecto y el dise\u00f1o del proceso hasta la instalaci\u00f3n y puesta en marcha en sitio. Nuestro equipo de ingenier\u00eda profesional garantiza que cada soluci\u00f3n de sacrificio cumpla con sus necesidades reales de capacidad y con los m\u00e1s estrictos est\u00e1ndares de higiene.<\/em><\/p>\n<\/blockquote>\n\n\n\n<figure class=\"wp-block-image size-full is-resized\"><img decoding=\"async\" src=\"https:\/\/www.npwplastic.com\/wp-content\/uploads\/2025\/12\/bd4de903424ff9e4a011bb2f319186dd_E5B7A5E58E82E58A9EE5-1.jpg\" alt=\"\" class=\"wp-image-2316\" style=\"width:1818px;height:auto\"\/><\/figure>\n\n\n\n<p class=\"has-large-font-size\" style=\"font-style:normal;font-weight:700\">Fabricaci\u00f3n y Log\u00edstica Global<\/p>\n\n\n\n<blockquote class=\"wp-block-quote is-layout-flow wp-block-quote-is-layout-flow\">\n<p><em>Empleamos equipos de procesamiento avanzados y una gesti\u00f3n de producci\u00f3n \u00ablean\u00bb para controlar rigurosamente cada eslab\u00f3n, desde el almacenamiento de la materia prima hasta el ensamblaje del producto final. Una vez terminado, el equipo se refuerza y embala para ser entregado en sus instalaciones de forma segura y puntual a trav\u00e9s de nuestro sistema log\u00edstico global.<\/em><\/p>\n<\/blockquote>\n\n\n\n<div class=\"wp-block-columns is-layout-flex wp-container-core-columns-is-layout-9d6595d7 wp-block-columns-is-layout-flex\">\n<div class=\"wp-block-column is-layout-flow wp-block-column-is-layout-flow\">\r\n<div class=\"content-card content-card--classic\" >\r\n            <div class=\"content-card__image-wrapper\" style=\"width: 100%; margin: 0 auto; height: 260px; padding-top: 0\">\r\n            <img decoding=\"async\" src=\"https:\/\/www.npwplastic.com\/wp-content\/uploads\/2025\/12\/1.IQC_.png\" alt=\"1.IQC\" class=\"content-card__image\">\r\n        <\/div>\r\n    \r\n    <div class=\"content-card__content\">\r\n                    <h3 class=\"content-card__title\">1.IQC<\/h3>\r\n        \r\n        \r\n            <\/div>\r\n    \r\n    <\/div>\r\n<\/div>\n\n\n\n<div class=\"wp-block-column is-layout-flow wp-block-column-is-layout-flow\">\r\n<div class=\"content-card content-card--classic\" >\r\n            <div class=\"content-card__image-wrapper\" style=\"width: 100%; margin: 0 auto; height: 260px; padding-top: 0\">\r\n            <img decoding=\"async\" src=\"https:\/\/www.npwplastic.com\/wp-content\/uploads\/2025\/12\/2.Laying-off-.png\" alt=\"2. Marcado y trazado\" class=\"content-card__image\">\r\n        <\/div>\r\n    \r\n    <div class=\"content-card__content\">\r\n                    <h3 class=\"content-card__title\">2. Marcado y trazado<\/h3>\r\n        \r\n        \r\n            <\/div>\r\n    \r\n    <\/div>\r\n<\/div>\n\n\n\n<div class=\"wp-block-column is-layout-flow wp-block-column-is-layout-flow\">\r\n<div class=\"content-card content-card--classic\" >\r\n            <div class=\"content-card__image-wrapper\" style=\"width: 100%; margin: 0 auto; height: 260px; padding-top: 0\">\r\n            <img decoding=\"async\" src=\"https:\/\/www.npwplastic.com\/wp-content\/uploads\/2025\/12\/3.Shearing.png\" alt=\"3. Cizallado\" class=\"content-card__image\">\r\n        <\/div>\r\n    \r\n    <div class=\"content-card__content\">\r\n                    <h3 class=\"content-card__title\">3. Cizallado<\/h3>\r\n        \r\n        \r\n            <\/div>\r\n    \r\n    <\/div>\r\n<\/div>\n\n\n\n<div class=\"wp-block-column is-layout-flow wp-block-column-is-layout-flow\">\r\n<div class=\"content-card content-card--classic\" >\r\n            <div class=\"content-card__image-wrapper\" style=\"width: 100%; margin: 0 auto; height: 260px; padding-top: 0\">\r\n            <img decoding=\"async\" src=\"https:\/\/www.npwplastic.com\/wp-content\/uploads\/2025\/12\/4.Bending.png\" alt=\"4. Plegado\" class=\"content-card__image\">\r\n        <\/div>\r\n    \r\n    <div class=\"content-card__content\">\r\n                    <h3 class=\"content-card__title\">4. Plegado<\/h3>\r\n        \r\n        \r\n            <\/div>\r\n    \r\n    <\/div>\r\n<\/div>\n<\/div>\n\n\n\n<div class=\"wp-block-columns is-layout-flex wp-container-core-columns-is-layout-9d6595d7 wp-block-columns-is-layout-flex\">\n<div class=\"wp-block-column is-layout-flow wp-block-column-is-layout-flow\">\r\n<div class=\"content-card content-card--classic\" >\r\n            <div class=\"content-card__image-wrapper\" style=\"width: 100%; margin: 0 auto; height: 260px; padding-top: 0\">\r\n            <img decoding=\"async\" src=\"https:\/\/www.npwplastic.com\/wp-content\/uploads\/2025\/12\/5.Roll-bending.png\" alt=\"5. Cilindrado\" class=\"content-card__image\">\r\n        <\/div>\r\n    \r\n    <div class=\"content-card__content\">\r\n                    <h3 class=\"content-card__title\">5. Cilindrado<\/h3>\r\n        \r\n        \r\n            <\/div>\r\n    \r\n    <\/div>\r\n<\/div>\n\n\n\n<div class=\"wp-block-column is-layout-flow wp-block-column-is-layout-flow\">\r\n<div class=\"content-card content-card--classic\" >\r\n            <div class=\"content-card__image-wrapper\" style=\"width: 100%; margin: 0 auto; height: 260px; padding-top: 0\">\r\n            <img decoding=\"async\" src=\"https:\/\/www.npwplastic.com\/wp-content\/uploads\/2025\/12\/6.Splicing-welding.png\" alt=\"6. Uni\u00f3n y soldadura\" class=\"content-card__image\">\r\n        <\/div>\r\n    \r\n    <div class=\"content-card__content\">\r\n                    <h3 class=\"content-card__title\">6. Uni\u00f3n y soldadura<\/h3>\r\n        \r\n        \r\n            <\/div>\r\n    \r\n    <\/div>\r\n<\/div>\n\n\n\n<div class=\"wp-block-column is-layout-flow wp-block-column-is-layout-flow\">\r\n<div class=\"content-card content-card--classic\" >\r\n            <div class=\"content-card__image-wrapper\" style=\"width: 100%; margin: 0 auto; height: 260px; padding-top: 0\">\r\n            <img decoding=\"async\" src=\"https:\/\/www.npwplastic.com\/wp-content\/uploads\/2025\/12\/7.Parts-processing.png\" alt=\"7. Procesamiento de piezas\" class=\"content-card__image\">\r\n        <\/div>\r\n    \r\n    <div class=\"content-card__content\">\r\n                    <h3 class=\"content-card__title\">7. Procesamiento de piezas<\/h3>\r\n        \r\n        \r\n            <\/div>\r\n    \r\n    <\/div>\r\n<\/div>\n\n\n\n<div class=\"wp-block-column is-layout-flow wp-block-column-is-layout-flow\">\r\n<div class=\"content-card content-card--classic\" >\r\n            <div class=\"content-card__image-wrapper\" style=\"width: 100%; margin: 0 auto; height: 260px; padding-top: 0\">\r\n            <img decoding=\"async\" src=\"https:\/\/www.npwplastic.com\/wp-content\/uploads\/2025\/12\/8.IPQC_.png\" alt=\"8.IPQC\" class=\"content-card__image\">\r\n        <\/div>\r\n    \r\n    <div class=\"content-card__content\">\r\n                    <h3 class=\"content-card__title\">8.IPQC<\/h3>\r\n        \r\n        \r\n            <\/div>\r\n    \r\n    <\/div>\r\n<\/div>\n<\/div>\n\n\n\n<div class=\"wp-block-columns is-layout-flex wp-container-core-columns-is-layout-9d6595d7 wp-block-columns-is-layout-flex\">\n<div class=\"wp-block-column is-layout-flow wp-block-column-is-layout-flow\">\r\n<div class=\"content-card content-card--classic\" >\r\n            <div class=\"content-card__image-wrapper\" style=\"width: 100%; margin: 0 auto; height: 260px; padding-top: 0\">\r\n            <img decoding=\"async\" src=\"https:\/\/www.npwplastic.com\/wp-content\/uploads\/2025\/12\/9.Polishing.png\" alt=\"9. Pulido\" class=\"content-card__image\">\r\n        <\/div>\r\n    \r\n    <div class=\"content-card__content\">\r\n                    <h3 class=\"content-card__title\">9. Pulido<\/h3>\r\n        \r\n        \r\n            <\/div>\r\n    \r\n    <\/div>\r\n<\/div>\n\n\n\n<div class=\"wp-block-column is-layout-flow wp-block-column-is-layout-flow\">\r\n<div class=\"content-card content-card--classic\" >\r\n            <div class=\"content-card__image-wrapper\" style=\"width: 100%; margin: 0 auto; height: 260px; padding-top: 0\">\r\n            <img decoding=\"async\" src=\"https:\/\/www.npwplastic.com\/wp-content\/uploads\/2025\/12\/10.QQC-OQC.png\" alt=\"10.QQC-OQC\" class=\"content-card__image\">\r\n        <\/div>\r\n    \r\n    <div class=\"content-card__content\">\r\n                    <h3 class=\"content-card__title\">10.QQC-OQC<\/h3>\r\n        \r\n        \r\n            <\/div>\r\n    \r\n    <\/div>\r\n<\/div>\n\n\n\n<div class=\"wp-block-column is-layout-flow wp-block-column-is-layout-flow\">\r\n<div class=\"content-card content-card--classic\" >\r\n            <div class=\"content-card__image-wrapper\" style=\"width: 100%; margin: 0 auto; height: 260px; padding-top: 0\">\r\n            <img decoding=\"async\" src=\"https:\/\/www.npwplastic.com\/wp-content\/uploads\/2025\/12\/11.Cleaning.png\" alt=\"11. Limpieza\" class=\"content-card__image\">\r\n        <\/div>\r\n    \r\n    <div class=\"content-card__content\">\r\n                    <h3 class=\"content-card__title\">11. Limpieza<\/h3>\r\n        \r\n        \r\n            <\/div>\r\n    \r\n    <\/div>\r\n<\/div>\n\n\n\n<div class=\"wp-block-column is-layout-flow wp-block-column-is-layout-flow\">\r\n<div class=\"content-card content-card--classic\" >\r\n            <div class=\"content-card__image-wrapper\" style=\"width: 100%; margin: 0 auto; height: 260px; padding-top: 0\">\r\n            <img decoding=\"async\" src=\"https:\/\/www.npwplastic.com\/wp-content\/uploads\/2025\/12\/12.ShippingDelivery.png\" alt=\"12. Env\u00edo y entrega\" class=\"content-card__image\">\r\n        <\/div>\r\n    \r\n    <div class=\"content-card__content\">\r\n                    <h3 class=\"content-card__title\">12. Env\u00edo y entrega<\/h3>\r\n        \r\n        \r\n            <\/div>\r\n    \r\n    <\/div>\r\n<\/div>\n<\/div>\n\n\n\n<p class=\"has-large-font-size\" style=\"font-style:normal;font-weight:700\">Compromiso de Servicio 24\/7<\/p>\n\n\n\n<blockquote class=\"wp-block-quote is-layout-flow wp-block-quote-is-layout-flow\">\n<p><em>Somos plenamente conscientes de la importancia de la puntualidad en las operaciones de sacrificio y procesamiento. Sin importar el momento ni el lugar, nuestro equipo de soporte t\u00e9cnico responder\u00e1 a sus necesidades en un plazo de 24 horas, minimizando el tiempo de inactividad mediante diagn\u00f3stico remoto o asistencia t\u00e9cnica presencial.<\/em><\/p>\n<\/blockquote>\n\n\n\n<figure class=\"wp-block-image size-full is-resized\"><img decoding=\"async\" src=\"https:\/\/www.npwplastic.com\/wp-content\/uploads\/2025\/12\/\u4e0b\u8f7d-4-scaled-1.jpg\" alt=\"\" class=\"wp-image-2324\" style=\"width:1818px;height:auto\"\/><\/figure>\n\n\n\n<p class=\"has-large-font-size\" style=\"font-style:normal;font-weight:700\">Reconocimientos y Certificaciones<\/p>\n\n\n\n<blockquote class=\"wp-block-quote is-layout-flow wp-block-quote-is-layout-flow\">\n<p><em>Nuestros equipos y f\u00e1brica han obtenido m\u00faltiples certificaciones internacionales de calidad, como CE e ISO 9001, cumpliendo con las normativas nacionales de seguridad alimentaria y las regulaciones de la industria del sacrificio, lo que nos convierte en su socio de total confianza.<\/em><\/p>\n<\/blockquote>\n\n\n\n<div class=\"wp-block-columns is-layout-flex wp-container-core-columns-is-layout-9d6595d7 wp-block-columns-is-layout-flex\">\n<div class=\"wp-block-column is-layout-flow wp-block-column-is-layout-flow\">\n<figure class=\"wp-block-image size-full\"><img decoding=\"async\" src=\"https:\/\/www.npwplastic.com\/wp-content\/uploads\/2025\/12\/lQLPJwEMJhyTsDPNBADNAs-wcJixsVYi-6.jpg\" alt=\"\" class=\"wp-image-2013\"\/><\/figure>\n<\/div>\n\n\n\n<div class=\"wp-block-column is-layout-flow wp-block-column-is-layout-flow\">\n<figure class=\"wp-block-image size-full\"><img decoding=\"async\" src=\"https:\/\/www.npwplastic.com\/wp-content\/uploads\/2025\/12\/lQLPJwEMJhyTsDPNBADNAs-wcJixsVYi-8.jpg\" alt=\"\" class=\"wp-image-2016\"\/><\/figure>\n<\/div>\n\n\n\n<div class=\"wp-block-column is-layout-flow wp-block-column-is-layout-flow\">\n<figure class=\"wp-block-image size-full\"><img decoding=\"async\" src=\"https:\/\/www.npwplastic.com\/wp-content\/uploads\/2025\/12\/lQLPJwEMJhyTsDPNBADNAs-wcJixsVYi-2.jpg\" alt=\"\" class=\"wp-image-2006\"\/><\/figure>\n<\/div>\n\n\n\n<div class=\"wp-block-column is-layout-flow wp-block-column-is-layout-flow\">\n<figure class=\"wp-block-image size-full\"><img decoding=\"async\" src=\"https:\/\/www.npwplastic.com\/wp-content\/uploads\/2025\/12\/lQLPJwEMJhyTsDPNBADNAs-wcJixsVYi-9.jpg\" alt=\"\" class=\"wp-image-2017\"\/><\/figure>\n<\/div>\n\n\n\n<div class=\"wp-block-column is-layout-flow wp-block-column-is-layout-flow\">\n<figure class=\"wp-block-image size-full\"><img decoding=\"async\" src=\"https:\/\/www.npwplastic.com\/wp-content\/uploads\/2025\/12\/lQLPJwEMJhyTsDPNBADNAs-wcJixsVYi-7.jpg\" alt=\"\" class=\"wp-image-2015\"\/><\/figure>\n<\/div>\n<\/div>\n\n\n\n<p class=\"has-large-font-size\" style=\"font-style:normal;font-weight:700\">Conozca Nuestra Planta de Producci\u00f3n<\/p>\n\n\n\n<blockquote class=\"wp-block-quote is-layout-flow wp-block-quote-is-layout-flow\">\n<p><em>Le llevamos directamente a la primera l\u00ednea de producci\u00f3n. A trav\u00e9s de estas im\u00e1genes reales, podr\u00e1 apreciar de forma intuitiva nuestros procesos de fabricaci\u00f3n de alto est\u00e1ndar, los procedimientos de ensamblaje transparentes y nuestra b\u00fasqueda incesante de la m\u00e1xima calidad en cada producto.<\/em><\/p>\n<\/blockquote>\n\n\n\n<figure class=\"wp-block-image size-full is-resized\"><img decoding=\"async\" src=\"https:\/\/www.npwplastic.com\/wp-content\/uploads\/2025\/12\/0910111-42.jpg\" alt=\"\" class=\"wp-image-2335\" style=\"width:1818px;height:auto\"\/><\/figure>\n\n\n\n<p class=\"has-large-font-size\" style=\"font-style:normal;font-weight:700\">Soluciones Log\u00edsticas Globales Flexibles<\/p>\n\n\n\n<blockquote class=\"wp-block-quote is-layout-flow wp-block-quote-is-layout-flow\">\n<p><em>Proporcionamos soluciones log\u00edsticas optimizadas y a medida, adapt\u00e1ndonos a su puerto de destino especificado y a sus requisitos de entrega m\u00e1s exigentes.<\/em><\/p>\n<\/blockquote>\n\n\n\n<figure class=\"wp-block-image size-full is-resized\"><img decoding=\"async\" src=\"https:\/\/www.npwplastic.com\/wp-content\/uploads\/2025\/12\/fa86294f-36a5-4de3-b015-5446423ac7a0-scaled-1.png\" alt=\"\" class=\"wp-image-361\" style=\"width:1818px;height:auto\"\/><\/figure>\n\n\n\n<p><\/p>\n","protected":false},"excerpt":{"rendered":"<p>Soporte T\u00e9cnico Profesional Ofrecemos consultor\u00eda t\u00e9cnica integral, desde la planificaci\u00f3n del proyecto y el dise\u00f1o del proceso hasta la instalaci\u00f3n [&hellip;]<\/p>\n","protected":false},"author":1,"featured_media":0,"parent":0,"menu_order":0,"comment_status":"closed","ping_status":"closed","template":"","meta":{"_lh_hide_header":false,"_lh_header_bg_image":0,"_lh_header_overlay_opacity":100,"footnotes":""},"class_list":["post-30","page","type-page","status-publish","hentry"],"_links":{"self":[{"href":"https:\/\/www.npwplastic.com\/es\/wp-json\/wp\/v2\/pages\/30","targetHints":{"allow":["GET"]}}],"collection":[{"href":"https:\/\/www.npwplastic.com\/es\/wp-json\/wp\/v2\/pages"}],"about":[{"href":"https:\/\/www.npwplastic.com\/es\/wp-json\/wp\/v2\/types\/page"}],"author":[{"embeddable":true,"href":"https:\/\/www.npwplastic.com\/es\/wp-json\/wp\/v2\/users\/1"}],"replies":[{"embeddable":true,"href":"https:\/\/www.npwplastic.com\/es\/wp-json\/wp\/v2\/comments?post=30"}],"version-history":[{"count":5,"href":"https:\/\/www.npwplastic.com\/es\/wp-json\/wp\/v2\/pages\/30\/revisions"}],"predecessor-version":[{"id":79,"href":"https:\/\/www.npwplastic.com\/es\/wp-json\/wp\/v2\/pages\/30\/revisions\/79"}],"wp:attachment":[{"href":"https:\/\/www.npwplastic.com\/es\/wp-json\/wp\/v2\/media?parent=30"}],"curies":[{"name":"wp","href":"https:\/\/api.w.org\/{rel}","templated":true}]}}