{"id":28,"date":"2026-01-05T17:14:33","date_gmt":"2026-01-05T09:14:33","guid":{"rendered":"https:\/\/www.npwplastic.com\/es\/?page_id=28"},"modified":"2026-01-06T11:23:49","modified_gmt":"2026-01-06T03:23:49","slug":"about-us","status":"publish","type":"page","link":"https:\/\/www.npwplastic.com\/es\/about-us\/","title":{"rendered":"Nosotros"},"content":{"rendered":"\n<div class=\"wp-block-columns is-layout-flex wp-container-core-columns-is-layout-9d6595d7 wp-block-columns-is-layout-flex\">\n<div class=\"wp-block-column is-layout-flow wp-block-column-is-layout-flow\" style=\"flex-basis:66.66%\">\n<div style=\"height:28px\" aria-hidden=\"true\" class=\"wp-block-spacer\"><\/div>\n\n\n\n<p class=\"has-text-align-left\">QINGDAO NPW PLASTIC CO., LTD se ubica en Qingdao, provincia de Shandong. Desde 2009, nos hemos especializado en la fabricaci\u00f3n de equipos de sacrificio y l\u00edneas completas para el procesamiento de alimentos. Contamos con un equipo experto que integra investigaci\u00f3n y desarrollo, dise\u00f1o, producci\u00f3n, ventas, instalaci\u00f3n y servicio posventa. Gracias a una gesti\u00f3n s\u00f3lida y una amplia trayectoria, garantizamos equipos con un funcionamiento fiable, un servicio integral y una excelente relaci\u00f3n calidad-precio.<\/p>\n\n\n\n<p class=\"has-text-align-left\">Nos especializamos en ofrecer diversos tipos de maquinaria de sacrificio y procesamiento, cubriendo todas las fases del proceso: transporte, aturdimiento, escaldado, desplumado, eviscerado, pre-enfriamiento, corte, deshuesado, clasificaci\u00f3n, pesaje y envasado. Personalizamos los equipos seg\u00fan las necesidades del cliente y ofrecemos consultor\u00eda gratuita con soluciones que cumplen los est\u00e1ndares nacionales e internacionales (contamos con certificaciones CE, SGS, ISO, entre otras).<\/p>\n\n\n\n<p class=\"has-text-align-left\">Fieles al principio de \u00absobrevivir gracias a la calidad y crecer gracias a la reputaci\u00f3n\u00bb, nuestra empresa se centra en la especializaci\u00f3n industrial y el servicio de excelencia. Ofrecemos soluciones integrales en equipos de sacrificio y sistemas de procesamiento automatizados, cumpliendo rigurosamente con nuestros compromisos de posventa. Nuestra misi\u00f3n es superar continuamente las expectativas de los clientes con maquinaria y servicios de alta calidad, con la visi\u00f3n de consolidarnos como una marca l\u00edder y profesional en el sector.<\/p>\n\n\n\n<p class=\"has-text-align-left\">\u00a1Invitamos sinceramente a clientes y distribuidores de todo el mundo a colaborar con nosotros para alcanzar el \u00e9xito mutuo!<\/p>\n<\/div>\n\n\n\n<div class=\"wp-block-column is-layout-flow wp-block-column-is-layout-flow\" style=\"flex-basis:33.33%\">\n<figure class=\"wp-block-image size-large is-resized\"><img decoding=\"async\" src=\"https:\/\/www.npwplastic.com\/wp-content\/uploads\/2025\/12\/0910111-1-e1765349142631-886x1024.jpg\" alt=\"\" class=\"wp-image-219\" style=\"aspect-ratio:0.8652464903689193;width:355px;height:auto\"\/><\/figure>\n<\/div>\n<\/div>\n\n\n\n<div class=\"wp-block-columns is-layout-flex wp-container-core-columns-is-layout-9d6595d7 wp-block-columns-is-layout-flex\">\n<div class=\"wp-block-column is-layout-flow wp-block-column-is-layout-flow\">\n<figure class=\"wp-block-image size-large\"><img decoding=\"async\" src=\"https:\/\/www.npwplastic.com\/wp-content\/uploads\/2025\/12\/0910111-10-1024x1024.jpg\" alt=\"\" class=\"wp-image-229\"\/><\/figure>\n<\/div>\n\n\n\n<div class=\"wp-block-column is-layout-flow wp-block-column-is-layout-flow\">\n<figure class=\"wp-block-image size-large\"><img decoding=\"async\" src=\"https:\/\/www.npwplastic.com\/wp-content\/uploads\/2025\/12\/0910111-12-1024x1024.jpg\" alt=\"\" class=\"wp-image-231\"\/><\/figure>\n<\/div>\n\n\n\n<div class=\"wp-block-column is-layout-flow wp-block-column-is-layout-flow\">\n<figure class=\"wp-block-image size-large\"><img decoding=\"async\" src=\"https:\/\/www.npwplastic.com\/wp-content\/uploads\/2025\/12\/DM_202512156_001-\u62f7\u8d1d-1024x1024.jpg\" alt=\"\" class=\"wp-image-228\"\/><\/figure>\n<\/div>\n\n\n\n<div class=\"wp-block-column is-layout-flow wp-block-column-is-layout-flow\">\n<figure class=\"wp-block-image size-large\"><img decoding=\"async\" src=\"https:\/\/www.npwplastic.com\/wp-content\/uploads\/2025\/12\/0910111-7-1024x1024.jpg\" alt=\"\" class=\"wp-image-230\"\/><\/figure>\n<\/div>\n\n\n\n<div class=\"wp-block-column is-layout-flow wp-block-column-is-layout-flow\">\n<figure class=\"wp-block-image size-large\"><img decoding=\"async\" src=\"https:\/\/www.npwplastic.com\/wp-content\/uploads\/2025\/12\/0910111-13-1024x1024.jpg\" alt=\"\" class=\"wp-image-227\"\/><\/figure>\n<\/div>\n<\/div>\n\n\n\n<h2 class=\"wp-block-heading has-text-align-center\">OPINIONES DE NUESTROS CLIENTES<\/h2>\n\n\n\r\n<section class=\"section testimonials-section\" >\r\n    <div class=\"container\">\r\n        <div class=\"section-header text-center\">\r\n                            <h2 class=\"section-title\">TESTIMONIOS DE CLIENTES<\/h2>\r\n                                <\/div>\r\n\r\n                    <div class=\"testimonials-slider-wrapper\">\r\n                <div class=\"swiper testimonials-swiper\">\r\n                    <div class=\"swiper-wrapper\">\r\n                                                    <div class=\"swiper-slide\">\r\n                                <div class=\"testimonial-card\">\r\n                                                                            <div class=\"testimonial-content\">\r\n                                            <p>&quot;Como Gerente de Control de Calidad, la higiene es mi prioridad absoluta. Los equipos de NPW est\u00e1n fabricados con acero inoxidable de alta calidad y acabados de excelencia, lo que facilita la limpieza profunda y garantiza el cumplimiento de todas las normativas de seguridad alimentaria. Su compromiso con la calidad es evidente en cada soldadura.&quot;<\/p>\n                                        <\/div>\r\n                                    \r\n                                    <div class=\"testimonial-author\">\r\n                                                                                                                                    <img decoding=\"async\" src=\"https:\/\/www.npwplastic.com\/wp-content\/uploads\/2025\/12\/805f278d199c40ab87ae3dcdcd3ee35a.png\" alt=\"Sr. Okeke\" class=\"author-photo\" loading=\"lazy\" fetchpriority=\"low\">\r\n                                                                                    \r\n                                        <div class=\"author-info\">\r\n                                                                                            <h4 class=\"author-name\">Sr. Okeke<\/h4>\r\n                                            \r\n                                                                                            <p class=\"author-position\">Gerente de Control de Calidad<\/p>\r\n                                                                                    <\/div>\r\n                                    <\/div>\r\n                                <\/div>\r\n                            <\/div>\r\n                                                    <div class=\"swiper-slide\">\r\n                                <div class=\"testimonial-card\">\r\n                                                                            <div class=\"testimonial-content\">\r\n                                            <p>&quot;NPW provided us with a complete turnkey solution that exceeded our expectations. Their factory-direct pricing saved us significant costs, and having a single provider for design, manufacturing, and installation made the entire procurement process seamless and stress-free.&quot;<\/p>\n                                        <\/div>\r\n                                    \r\n                                    <div class=\"testimonial-author\">\r\n                                                                                                                                    <img decoding=\"async\" src=\"https:\/\/www.npwplastic.com\/wp-content\/uploads\/2025\/12\/0910111-38.jpg\" alt=\"Sr. Hassan\" class=\"author-photo\" loading=\"lazy\" fetchpriority=\"low\">\r\n                                                                                    \r\n                                        <div class=\"author-info\">\r\n                                                                                            <h4 class=\"author-name\">Sr. Hassan<\/h4>\r\n                                            \r\n                                                                                            <p class=\"author-position\">Director de Compras<\/p>\r\n                                                                                    <\/div>\r\n                                    <\/div>\r\n                                <\/div>\r\n                            <\/div>\r\n                                                    <div class=\"swiper-slide\">\r\n                                <div class=\"testimonial-card\">\r\n                                                                            <div class=\"testimonial-content\">\r\n                                            <p>&quot;El nivel de automatizaci\u00f3n de nuestra nueva l\u00ednea av\u00edcola ha mejorado dr\u00e1sticamente nuestra capacidad de producci\u00f3n, reduciendo al mismo tiempo los costes de mano de obra. El equipo es robusto e intuitivo. Sus ingenieros permanecieron en la planta hasta que nuestro equipo estuvo totalmente capacitado y la l\u00ednea funcionaba a su m\u00e1xima eficiencia.&quot;<\/p>\n                                        <\/div>\r\n                                    \r\n                                    <div class=\"testimonial-author\">\r\n                                                                                                                                    <img decoding=\"async\" src=\"https:\/\/www.npwplastic.com\/wp-content\/uploads\/2025\/12\/32edeacf92a445f8998b74e1abcd3828-e1766035162201.png\" alt=\"Sr. Abebe\" class=\"author-photo\" loading=\"lazy\" fetchpriority=\"low\">\r\n                                                                                    \r\n                                        <div class=\"author-info\">\r\n                                                                                            <h4 class=\"author-name\">Sr. Abebe<\/h4>\r\n                                            \r\n                                                                                            <p class=\"author-position\">Director de Operaciones<\/p>\r\n                                                                                    <\/div>\r\n                                    <\/div>\r\n                                <\/div>\r\n                            <\/div>\r\n                                                    <div class=\"swiper-slide\">\r\n                                <div class=\"testimonial-card\">\r\n                                                                            <div class=\"testimonial-content\">\r\n                                            <p>&quot;El env\u00edo internacional de equipos de sacrificio a gran escala es complejo, pero NPW gestion\u00f3 la log\u00edstica a la perfecci\u00f3n. Su soporte posventa es excepcional; responden a nuestras consultas t\u00e9cnicas en menos de 24 horas y garantizan que los repuestos est\u00e9n siempre disponibles cuando los necesitamos.&quot;<\/p>\n                                        <\/div>\r\n                                    \r\n                                    <div class=\"testimonial-author\">\r\n                                                                                                                                    <img decoding=\"async\" src=\"https:\/\/www.npwplastic.com\/wp-content\/uploads\/2025\/12\/ca4f28609e7b49b889b4bd8edd8cc7a2.png\" alt=\"Sr. Khalid\" class=\"author-photo\" loading=\"lazy\" fetchpriority=\"low\">\r\n                                                                                    \r\n                                        <div class=\"author-info\">\r\n                                                                                            <h4 class=\"author-name\">Sr. Khalid<\/h4>\r\n                                            \r\n                                                                                            <p class=\"author-position\">Gerente de Compras<\/p>\r\n                                                                                    <\/div>\r\n                                    <\/div>\r\n                                <\/div>\r\n                            <\/div>\r\n                                            <\/div>\r\n                    <div class=\"swiper-pagination\"><\/div>\r\n                    <div class=\"swiper-button-next\"><\/div>\r\n                    <div class=\"swiper-button-prev\"><\/div>\r\n                <\/div>\r\n            <\/div>\r\n            <\/div>\r\n<\/section>\r\n\n\n\n<div class=\"wp-block-columns is-layout-flex wp-container-core-columns-is-layout-9d6595d7 wp-block-columns-is-layout-flex\">\n<div class=\"wp-block-column is-layout-flow wp-block-column-is-layout-flow\">\n<div style=\"height:30px\" aria-hidden=\"true\" class=\"wp-block-spacer\"><\/div>\n\n\n\n<div class=\"wp-block-columns is-layout-flex wp-container-core-columns-is-layout-9d6595d7 wp-block-columns-is-layout-flex\">\n<div class=\"wp-block-column is-layout-flow wp-block-column-is-layout-flow\" style=\"flex-basis:100%\">\n<h2 class=\"wp-block-heading has-text-align-center\">Su socio de confianza para soluciones industriales globales<\/h2>\n\n\n\n<p class=\"has-text-align-center\">Con m\u00e1s de 16 a\u00f1os de experiencia y presencia en m\u00e1s de 30 pa\u00edses, somos su socio aliado. Ofrecemos un a\u00f1o de garant\u00eda de calidad, soporte en l\u00ednea 24\/7 y gu\u00edas de instalaci\u00f3n gratuitas. Conf\u00ede en nuestro s\u00f3lido servicio posventa para obtener una experiencia t\u00e9cnica inigualable y total tranquilidad.<\/p>\n\n\n<div class=\"wp-block-image is-style-default\">\n<figure class=\"aligncenter size-full\"><img decoding=\"async\" src=\"https:\/\/www.npwplastic.com\/wp-content\/uploads\/2025\/12\/0910111-scaled-1.jpg\" alt=\"\" class=\"wp-image-249\"\/><\/figure>\n<\/div>\n\n\n<h2 class=\"wp-block-heading has-text-align-center\">PROCESO DE PRODUCCI\u00d3N<\/h2>\n\n\n\n<h6 class=\"wp-block-heading has-text-align-center\">Ofrecemos los mejores productos y servicios para nuestros clientes en la industria de maquinaria para el procesamiento de alimentos.<\/h6>\n\n\n\n<figure class=\"wp-block-image size-full\"><img decoding=\"async\" src=\"https:\/\/www.npwplastic.com\/wp-content\/uploads\/2025\/12\/9fd4de2f99d7bec3aa95f3ed197bc666-scaled-1.jpg\" alt=\"\" class=\"wp-image-255\"\/><\/figure>\n<\/div>\n<\/div>\n<\/div>\n<\/div>\n\n\n\n<h2 class=\"wp-block-heading has-text-align-center\">Nuestros clientes<\/h2>\n\n\n\n<h6 class=\"wp-block-heading has-text-align-center\">Enfoque en el cliente: \u00a1Nuestro compromiso fundamental!<\/h6>\n\n\n\n<figure class=\"wp-block-image size-full is-resized\"><img decoding=\"async\" src=\"https:\/\/www.npwplastic.com\/wp-content\/uploads\/2025\/12\/fa8f81e5-101f-4991-ae4e-612b57fff462.png\" alt=\"\" class=\"wp-image-3067\" style=\"width:2388px;height:auto\"\/><\/figure>\n\n\n\n<h2 class=\"wp-block-heading has-text-align-center\">CERTIFICACIONES Y DISTINCIONES<\/h2>\n\n\n\n<h6 class=\"wp-block-heading has-text-align-center\"><strong>Una alianza s\u00f3lida y un firme compromiso con la excelencia.<\/strong><\/h6>\n\n\n\n<div class=\"wp-block-columns is-layout-flex wp-container-core-columns-is-layout-9d6595d7 wp-block-columns-is-layout-flex\">\n<div class=\"wp-block-column is-layout-flow wp-block-column-is-layout-flow\">\n<figure class=\"wp-block-image size-full\"><img decoding=\"async\" src=\"https:\/\/www.npwplastic.com\/wp-content\/uploads\/2025\/12\/lQLPJwEMJhyTsDPNBADNAs-wcJixsVYi-6.jpg\" alt=\"\" class=\"wp-image-2013\"\/><\/figure>\n<\/div>\n\n\n\n<div class=\"wp-block-column is-layout-flow wp-block-column-is-layout-flow\">\n<figure class=\"wp-block-image size-full\"><img decoding=\"async\" src=\"https:\/\/www.npwplastic.com\/wp-content\/uploads\/2025\/12\/lQLPJwEMJhyTsDPNBADNAs-wcJixsVYi-8.jpg\" alt=\"\" class=\"wp-image-2016\"\/><\/figure>\n<\/div>\n\n\n\n<div class=\"wp-block-column is-layout-flow wp-block-column-is-layout-flow\">\n<figure class=\"wp-block-image size-full\"><img decoding=\"async\" src=\"https:\/\/www.npwplastic.com\/wp-content\/uploads\/2025\/12\/lQLPJwEMJhyTsDPNBADNAs-wcJixsVYi-2.jpg\" alt=\"\" class=\"wp-image-2006\"\/><\/figure>\n<\/div>\n\n\n\n<div class=\"wp-block-column is-layout-flow wp-block-column-is-layout-flow\">\n<figure class=\"wp-block-image size-full\"><img decoding=\"async\" src=\"https:\/\/www.npwplastic.com\/wp-content\/uploads\/2025\/12\/lQLPJwEMJhyTsDPNBADNAs-wcJixsVYi-9.jpg\" alt=\"\" class=\"wp-image-2017\"\/><\/figure>\n<\/div>\n\n\n\n<div class=\"wp-block-column is-layout-flow wp-block-column-is-layout-flow\">\n<figure class=\"wp-block-image size-full\"><img decoding=\"async\" src=\"https:\/\/www.npwplastic.com\/wp-content\/uploads\/2025\/12\/lQLPJwEMJhyTsDPNBADNAs-wcJixsVYi-7.jpg\" alt=\"\" class=\"wp-image-2015\"\/><\/figure>\n<\/div>\n<\/div>\n","protected":false},"excerpt":{"rendered":"<p>QINGDAO NPW PLASTIC CO., LTD se ubica en Qingdao, provincia de Shandong. Desde 2009, nos hemos especializado en la fabricaci\u00f3n [&hellip;]<\/p>\n","protected":false},"author":1,"featured_media":0,"parent":0,"menu_order":0,"comment_status":"closed","ping_status":"closed","template":"","meta":{"_lh_hide_header":false,"_lh_header_bg_image":0,"_lh_header_overlay_opacity":100,"footnotes":""},"class_list":["post-28","page","type-page","status-publish","hentry"],"_links":{"self":[{"href":"https:\/\/www.npwplastic.com\/es\/wp-json\/wp\/v2\/pages\/28","targetHints":{"allow":["GET"]}}],"collection":[{"href":"https:\/\/www.npwplastic.com\/es\/wp-json\/wp\/v2\/pages"}],"about":[{"href":"https:\/\/www.npwplastic.com\/es\/wp-json\/wp\/v2\/types\/page"}],"author":[{"embeddable":true,"href":"https:\/\/www.npwplastic.com\/es\/wp-json\/wp\/v2\/users\/1"}],"replies":[{"embeddable":true,"href":"https:\/\/www.npwplastic.com\/es\/wp-json\/wp\/v2\/comments?post=28"}],"version-history":[{"count":2,"href":"https:\/\/www.npwplastic.com\/es\/wp-json\/wp\/v2\/pages\/28\/revisions"}],"predecessor-version":[{"id":80,"href":"https:\/\/www.npwplastic.com\/es\/wp-json\/wp\/v2\/pages\/28\/revisions\/80"}],"wp:attachment":[{"href":"https:\/\/www.npwplastic.com\/es\/wp-json\/wp\/v2\/media?parent=28"}],"curies":[{"name":"wp","href":"https:\/\/api.w.org\/{rel}","templated":true}]}}