{"id":22,"date":"2026-01-05T17:08:08","date_gmt":"2026-01-05T09:08:08","guid":{"rendered":"https:\/\/www.npwplastic.com\/es\/?page_id=22"},"modified":"2026-01-06T11:23:53","modified_gmt":"2026-01-06T03:23:53","slug":"contact-us","status":"publish","type":"page","link":"https:\/\/www.npwplastic.com\/es\/contact-us\/","title":{"rendered":"Contacto"},"content":{"rendered":"\n<div style=\"height:24px\" aria-hidden=\"true\" class=\"wp-block-spacer\"><\/div>\n\n\n\n<h2 class=\"wp-block-heading\">INFORMACI\u00d3N DE CONTACTO<\/h2>\n\n\n\n<p><em>Estamos dedicados a colaborar con clientes y distribuidores globales en el sector del procesamiento de carne y alimentos. Juntos, nos esforzamos por contribuir a una cadena de suministro alimentaria m\u00e1s sostenible y eficiente, proporcionando soluciones avanzadas de sacrificio y productos procesados de alta calidad. Creemos en la construcci\u00f3n de relaciones de beneficio mutuo y damos una c\u00e1lida bienvenida a socios de todo el mundo para colaborar con nosotros por un \u00e9xito compartido y un futuro mejor.<\/em><\/p>\n\n\n\n<div class=\"wp-block-columns is-layout-flex wp-container-core-columns-is-layout-9d6595d7 wp-block-columns-is-layout-flex\">\n<div class=\"wp-block-column is-layout-flow wp-block-column-is-layout-flow\">\n<h3 class=\"wp-block-heading\"><mark style=\"background-color:rgba(0, 0, 0, 0)\" class=\"has-inline-color has-luminous-vivid-orange-color\">SEDE CENTRAL Y F\u00c1BRICA EN CHINA<\/mark><\/h3>\n\n\n\n<blockquote class=\"wp-block-quote is-layout-flow wp-block-quote-is-layout-flow\">\n<p>No. 168, Parque Industrial de Ganader\u00eda, Ciudad de Qingdao, Provincia de Shandong, China<\/p>\n<\/blockquote>\n\n\n\n<div class=\"wp-block-columns is-layout-flex wp-container-core-columns-is-layout-9d6595d7 wp-block-columns-is-layout-flex\">\n<div class=\"wp-block-column is-layout-flow wp-block-column-is-layout-flow\">\n<figure class=\"wp-block-image size-large is-resized\"><img decoding=\"async\" src=\"https:\/\/www.npwplastic.com\/wp-content\/uploads\/2025\/12\/028c4becc6dc0ec8974561ff6442bebd-e1766108148431-956x1024.jpg\" alt=\"\" class=\"wp-image-1095\" style=\"aspect-ratio:0.9336306679409578;object-fit:cover;width:104px\"\/><\/figure>\n\n\n\n<h3 class=\"wp-block-heading\">Gerente de Ventas<\/h3>\n\n\n\n<ul class=\"wp-block-list\">\n<li><strong>Eric<\/strong><\/li>\n\n\n\n<li><a href=\"https:\/\/api.whatsapp.com\/send?phone=8617762023898\" rel=\"nofollow noopener\" target=\"_blank\">WhatsApp\uff1a+86 17762023898<\/a><\/li>\n\n\n\n<li>eric@npwplastic.com<\/li>\n<\/ul>\n<\/div>\n<\/div>\n\n\n\n<div class=\"wp-block-columns is-layout-flex wp-container-core-columns-is-layout-9d6595d7 wp-block-columns-is-layout-flex\">\n<div class=\"wp-block-column is-layout-flow wp-block-column-is-layout-flow\">\n<figure class=\"wp-block-image size-full is-resized\"><img decoding=\"async\" src=\"https:\/\/www.npwplastic.com\/wp-content\/uploads\/2025\/12\/\u5fae\u4fe1\u56fe\u7247_20251211103227_692_44.jpg\" alt=\"\" class=\"wp-image-93\" style=\"width:104px\"\/><\/figure>\n\n\n\n<h3 class=\"wp-block-heading\">Gerente de Ventas<\/h3>\n\n\n\n<ul class=\"wp-block-list\">\n<li><strong>Jim Chen<\/strong><\/li>\n\n\n\n<li>E-mail: jim@npwplastic.com<\/li>\n<\/ul>\n<\/div>\n\n\n\n<div class=\"wp-block-column is-layout-flow wp-block-column-is-layout-flow\">\n<figure class=\"wp-block-image size-full is-resized\"><img decoding=\"async\" src=\"https:\/\/www.npwplastic.com\/wp-content\/uploads\/2025\/12\/file-1.jpg\" alt=\"\" class=\"wp-image-121\" style=\"width:104px;height:auto\"\/><\/figure>\n\n\n\n<h3 class=\"wp-block-heading\">Gerente de Ventas<\/h3>\n\n\n\n<ul class=\"wp-block-list\">\n<li><strong>Lucia Lee<\/strong><\/li>\n\n\n\n<li>E-mail: lucia@npwplastic.com<\/li>\n<\/ul>\n<\/div>\n<\/div>\n\n\n\n<hr class=\"wp-block-separator has-alpha-channel-opacity is-style-wide\"\/>\n\n\n\n<div style=\"height:14px\" aria-hidden=\"true\" class=\"wp-block-spacer\"><\/div>\n\n\n\n<h3 class=\"wp-block-heading\"><mark style=\"background-color:rgba(0, 0, 0, 0)\" class=\"has-inline-color has-luminous-vivid-orange-color\">UK FACTORY SERVICE CENTER<\/mark><\/h3>\n\n\n\n<blockquote class=\"wp-block-quote is-layout-flow wp-block-quote-is-layout-flow\">\n<p>Units A, austen house, Station View, Guildford, UK, GU1 4AR.<\/p>\n<\/blockquote>\n\n\n\n<div class=\"wp-block-columns is-layout-flex wp-container-core-columns-is-layout-9d6595d7 wp-block-columns-is-layout-flex\">\n<div class=\"wp-block-column is-layout-flow wp-block-column-is-layout-flow\">\n<figure class=\"wp-block-image size-large is-resized\"><img decoding=\"async\" src=\"https:\/\/www.npwplastic.com\/wp-content\/uploads\/2025\/12\/\u5fae\u4fe1\u56fe\u7247_2025-12-11_110459_973-1024x1024.jpg\" alt=\"\" class=\"wp-image-128\" style=\"width:104px\"\/><\/figure>\n\n\n\n<h3 class=\"wp-block-heading\">Gerente de Ventas<\/h3>\n\n\n\n<ul class=\"wp-block-list\">\n<li><strong>Amanda Chen<\/strong><\/li>\n\n\n\n<li>E-mail: amanda_chen@npwplastic.com<\/li>\n<\/ul>\n<\/div>\n<\/div>\n\n\n\n<hr class=\"wp-block-separator has-alpha-channel-opacity is-style-wide\"\/>\n<\/div>\n\n\n\n<div class=\"wp-block-column is-layout-flow wp-block-column-is-layout-flow\">\n<h2 class=\"wp-block-heading has-text-align-center\"><mark style=\"background-color:rgba(0, 0, 0, 0)\" class=\"has-inline-color has-luminous-vivid-orange-color\">SOLICITE UNA COTIZACI\u00d3N<\/mark><\/h2>\n\n\n\n<p>Nuestro equipo de ingenier\u00eda le proporcionar\u00e1 soluciones basadas en su capacidad de sacrificio o en los requerimientos de sus equipos. \u00a1Cu\u00e9ntenos sus necesidades y deje el resto en nuestras manos!<\/p>\n\n\n\n<h5 class=\"wp-block-heading\">\u00a1Le contactaremos en un plazo m\u00e1ximo de 12 horas!<\/h5>\n\n\n<p class=\"wpcf7-contact-form-not-found\"><strong>Error:<\/strong> Formulario de contacto no encontrado.<\/p>\n<\/div>\n<\/div>\n","protected":false},"excerpt":{"rendered":"<p>INFORMACI\u00d3N DE CONTACTO Estamos dedicados a colaborar con clientes y distribuidores globales en el sector del procesamiento de carne y [&hellip;]<\/p>\n","protected":false},"author":1,"featured_media":0,"parent":0,"menu_order":0,"comment_status":"closed","ping_status":"closed","template":"","meta":{"_lh_hide_header":false,"_lh_header_bg_image":0,"_lh_header_overlay_opacity":100,"footnotes":""},"class_list":["post-22","page","type-page","status-publish","hentry"],"_links":{"self":[{"href":"https:\/\/www.npwplastic.com\/es\/wp-json\/wp\/v2\/pages\/22","targetHints":{"allow":["GET"]}}],"collection":[{"href":"https:\/\/www.npwplastic.com\/es\/wp-json\/wp\/v2\/pages"}],"about":[{"href":"https:\/\/www.npwplastic.com\/es\/wp-json\/wp\/v2\/types\/page"}],"author":[{"embeddable":true,"href":"https:\/\/www.npwplastic.com\/es\/wp-json\/wp\/v2\/users\/1"}],"replies":[{"embeddable":true,"href":"https:\/\/www.npwplastic.com\/es\/wp-json\/wp\/v2\/comments?post=22"}],"version-history":[{"count":2,"href":"https:\/\/www.npwplastic.com\/es\/wp-json\/wp\/v2\/pages\/22\/revisions"}],"predecessor-version":[{"id":81,"href":"https:\/\/www.npwplastic.com\/es\/wp-json\/wp\/v2\/pages\/22\/revisions\/81"}],"wp:attachment":[{"href":"https:\/\/www.npwplastic.com\/es\/wp-json\/wp\/v2\/media?parent=22"}],"curies":[{"name":"wp","href":"https:\/\/api.w.org\/{rel}","templated":true}]}}